{"id":121,"date":"2016-09-01T08:14:50","date_gmt":"2016-09-01T08:14:50","guid":{"rendered":"http:\/\/nno2016.frontlabs.pl\/?page_id=121"},"modified":"2017-09-22T09:30:38","modified_gmt":"2017-09-22T09:30:38","slug":"strona-glowna","status":"publish","type":"page","link":"https:\/\/2017.nienieodpowiedzialni.pl\/","title":{"rendered":"Strona g\u0142\u00f3wna"},"content":{"rendered":"<p>NIENIEODPOWIEDZIALNI to idea efektywnej, m\u0105drej i wra\u017cliwej bran\u017cy finansowej, \u015bwiadomej swojej roli wobec klient\u00f3w, wsp\u00f3\u0142pracownik\u00f3w, spo\u0142ecze\u0144stwa i przyrody.<\/p>\n<p>Podczas tegorocznej konferencji zaprezentujemy m.in. wyk\u0142ady na temat odpowiedzialno\u015bci bran\u017cy finansowej za dobro wsp\u00f3lne, poszukamy odpowiedzi na pytanie czy mo\u017cna sprzedawa\u0107 odpowiedzialnie i zarabia\u0107, zaprezentujemy wyniki badania o odpowiedzialno\u015bci klient\u00f3w oraz podejmiemy debat\u0119 na temat etyki w \u015bwiecie sztucznej inteligencji. W\u015br\u00f3d prelegent\u00f3w znajd\u0105 si\u0119 m.in. Ojciec Maciej Zi\u0119ba, prof. Jerzy Hausner, prof. Dominika Maison, Brunon Bartkiewicz.<\/p>\n<p>Data: 7 listopada 2017<br \/>\nMiejsce: Muzeum Historii \u017byd\u00f3w Polskich Polin ul. Anielewicza 6, Warszawa<br \/>\nZapraszamy od godz. 8:30<\/p>\n<p><strong>Udzia\u0142 w wydarzeniu jest bezp\u0142atny.\u00a0<a href=\"http:\/\/nno.tukio.pl\/public\/M64AeQAkeaa5Jf7LLz4K\">Zapraszamy do rejestracji.<\/a><\/strong><\/p>\n<p>Patronat honorowy nad V Konferencj\u0105 Nienieodpowiedzialni obj\u0119li:\u00a0<a href=\"http:\/\/konfederacjalewiatan.pl\/\">Konfederacja Lewiatan<\/a>\u00a0oraz\u00a0<a href=\"https:\/\/www.mr.gov.pl\/\">Ministerstwo Rozwoju\u00a0<\/a>.<\/p>\n<p><img decoding=\"async\" loading=\"lazy\" class=\"alignnone wp-image-343\" src=\"http:\/\/2017.nienieodpowiedzialni.pl\/wp-content\/uploads\/2016\/08\/lewiatan-1-231x300.png\" alt=\"lewiatan\" width=\"133\" height=\"178\" \/><img decoding=\"async\" loading=\"lazy\" class=\"alignnone size-medium wp-image-439\" src=\"http:\/\/2017.nienieodpowiedzialni.pl\/wp-content\/uploads\/2016\/09\/mr_logo-przezroczyste-300x171.png\" alt=\"mr_logo-przezroczyste\" width=\"300\" height=\"171\" srcset=\"https:\/\/2017.nienieodpowiedzialni.pl\/wp-content\/uploads\/2016\/09\/mr_logo-przezroczyste-300x171.png 300w, https:\/\/2017.nienieodpowiedzialni.pl\/wp-content\/uploads\/2016\/09\/mr_logo-przezroczyste-70x40.png 70w, https:\/\/2017.nienieodpowiedzialni.pl\/wp-content\/uploads\/2016\/09\/mr_logo-przezroczyste.png 344w\" sizes=\"(max-width: 300px) 100vw, 300px\" \/><\/p>\n","protected":false},"excerpt":{"rendered":"<p>NIENIEODPOWIEDZIALNI to idea efektywnej, m\u0105drej i wra\u017cliwej bran\u017cy finansowej, \u015bwiadomej swojej roli wobec klient\u00f3w, wsp\u00f3\u0142pracownik\u00f3w, spo\u0142ecze\u0144stwa i przyrody. Podczas tegorocznej konferencji zaprezentujemy m.in. wyk\u0142ady na temat odpowiedzialno\u015bci bran\u017cy finansowej za dobro wsp\u00f3lne, poszukamy odpowiedzi na pytanie czy mo\u017cna sprzedawa\u0107 odpowiedzialnie i zarabia\u0107, zaprezentujemy wyniki badania o odpowiedzialno\u015bci klient\u00f3w oraz podejmiemy debat\u0119 na temat etyki w [&hellip;]<\/p>\n","protected":false},"author":1,"featured_media":0,"parent":0,"menu_order":0,"comment_status":"closed","ping_status":"closed","template":"page-home.php","meta":[],"_links":{"self":[{"href":"https:\/\/2017.nienieodpowiedzialni.pl\/index.php?rest_route=\/wp\/v2\/pages\/121"}],"collection":[{"href":"https:\/\/2017.nienieodpowiedzialni.pl\/index.php?rest_route=\/wp\/v2\/pages"}],"about":[{"href":"https:\/\/2017.nienieodpowiedzialni.pl\/index.php?rest_route=\/wp\/v2\/types\/page"}],"author":[{"embeddable":true,"href":"https:\/\/2017.nienieodpowiedzialni.pl\/index.php?rest_route=\/wp\/v2\/users\/1"}],"replies":[{"embeddable":true,"href":"https:\/\/2017.nienieodpowiedzialni.pl\/index.php?rest_route=%2Fwp%2Fv2%2Fcomments&post=121"}],"version-history":[{"count":48,"href":"https:\/\/2017.nienieodpowiedzialni.pl\/index.php?rest_route=\/wp\/v2\/pages\/121\/revisions"}],"predecessor-version":[{"id":818,"href":"https:\/\/2017.nienieodpowiedzialni.pl\/index.php?rest_route=\/wp\/v2\/pages\/121\/revisions\/818"}],"wp:attachment":[{"href":"https:\/\/2017.nienieodpowiedzialni.pl\/index.php?rest_route=%2Fwp%2Fv2%2Fmedia&parent=121"}],"curies":[{"name":"wp","href":"https:\/\/api.w.org\/{rel}","templated":true}]}}